{"id":898,"date":"2019-03-13T13:53:29","date_gmt":"2019-03-13T16:53:29","guid":{"rendered":"http:\/\/anatole.com.ar\/web\/?page_id=898"},"modified":"2019-03-14T13:26:23","modified_gmt":"2019-03-14T16:26:23","slug":"albums","status":"publish","type":"page","link":"https:\/\/anatole.com.ar\/web\/albums\/","title":{"rendered":"Albums"},"content":{"rendered":"\n<figure class=\"wp-block-image\"><img loading=\"lazy\" decoding=\"async\" width=\"1024\" height=\"512\" src=\"https:\/\/anatole.com.ar\/web\/wp-content\/uploads\/2019\/03\/ALBUM001-1024x512.jpg\" alt=\"\" class=\"wp-image-1080\" srcset=\"https:\/\/anatole.com.ar\/web\/wp-content\/uploads\/2019\/03\/ALBUM001-1024x512.jpg 1024w, https:\/\/anatole.com.ar\/web\/wp-content\/uploads\/2019\/03\/ALBUM001-300x150.jpg 300w, https:\/\/anatole.com.ar\/web\/wp-content\/uploads\/2019\/03\/ALBUM001-768x384.jpg 768w, https:\/\/anatole.com.ar\/web\/wp-content\/uploads\/2019\/03\/ALBUM001.jpg 1400w\" sizes=\"auto, (max-width: 1024px) 100vw, 1024px\" \/><\/figure>\n\n\n\n<p><strong>ONCE DE TERROR (Buenos Aires, 2011)<\/strong><\/p>\n\n\n\n<p>Grabaci\u00f3n: estudios Bambalandia y Cuarzo. Mezcla y masterizaci\u00f3n: estudio Cuarzo. Distribuci\u00f3n independiente.<\/p>\n\n\n\n<figure class=\"wp-block-image\"><img loading=\"lazy\" decoding=\"async\" width=\"691\" height=\"361\" src=\"https:\/\/anatole.com.ar\/web\/wp-content\/uploads\/2019\/03\/ALBUM002.jpg\" alt=\"\" class=\"wp-image-1081\" srcset=\"https:\/\/anatole.com.ar\/web\/wp-content\/uploads\/2019\/03\/ALBUM002.jpg 691w, https:\/\/anatole.com.ar\/web\/wp-content\/uploads\/2019\/03\/ALBUM002-300x157.jpg 300w\" sizes=\"auto, (max-width: 691px) 100vw, 691px\" \/><\/figure>\n\n\n\n<figure class=\"wp-block-image\"><img loading=\"lazy\" decoding=\"async\" width=\"1024\" height=\"519\" src=\"https:\/\/anatole.com.ar\/web\/wp-content\/uploads\/2019\/03\/ALBUM003-1024x519.jpg\" alt=\"\" class=\"wp-image-1082\" srcset=\"https:\/\/anatole.com.ar\/web\/wp-content\/uploads\/2019\/03\/ALBUM003-1024x519.jpg 1024w, https:\/\/anatole.com.ar\/web\/wp-content\/uploads\/2019\/03\/ALBUM003-300x152.jpg 300w, https:\/\/anatole.com.ar\/web\/wp-content\/uploads\/2019\/03\/ALBUM003-768x389.jpg 768w, https:\/\/anatole.com.ar\/web\/wp-content\/uploads\/2019\/03\/ALBUM003.jpg 1381w\" sizes=\"auto, (max-width: 1024px) 100vw, 1024px\" \/><\/figure>\n\n\n\n<figure class=\"wp-block-image\"><img loading=\"lazy\" decoding=\"async\" width=\"1024\" height=\"689\" src=\"https:\/\/anatole.com.ar\/web\/wp-content\/uploads\/2019\/03\/ALBUM004-1024x689.jpg\" alt=\"\" class=\"wp-image-1083\" srcset=\"https:\/\/anatole.com.ar\/web\/wp-content\/uploads\/2019\/03\/ALBUM004-1024x689.jpg 1024w, https:\/\/anatole.com.ar\/web\/wp-content\/uploads\/2019\/03\/ALBUM004-300x202.jpg 300w, https:\/\/anatole.com.ar\/web\/wp-content\/uploads\/2019\/03\/ALBUM004-768x516.jpg 768w, https:\/\/anatole.com.ar\/web\/wp-content\/uploads\/2019\/03\/ALBUM004.jpg 1041w\" sizes=\"auto, (max-width: 1024px) 100vw, 1024px\" \/><\/figure>\n\n\n\n<p><strong>SAN CRISTOBAL (Buenos Aires, 2010)<\/strong><\/p>\n\n\n\n<p>Grabaci\u00f3n: estudio Pichuatl. Mezcla: estudio Panda. Masterizaci\u00f3n: 332 Estudio. Producci\u00f3n: Esteban Serniotti. Publishing: EMI. Distribuci\u00f3n: AF Classic. Foto de Banda: Bel\u00e9n Asad.<\/p>\n\n\n\n<iframe style=\"border: 0; width: 350px; height: 470px;\" src=\"https:\/\/bandcamp.com\/EmbeddedPlayer\/album=1368252680\/size=large\/bgcol=ffffff\/linkcol=0687f5\/tracklist=false\/transparent=true\/\" seamless><a href=\"http:\/\/diabloschulos.bandcamp.com\/album\/san-cristobal\">San Cristobal by Diablos Chulos<\/a><\/iframe>\n\n\n\n<figure class=\"wp-block-image\"><img loading=\"lazy\" decoding=\"async\" width=\"746\" height=\"1024\" src=\"https:\/\/anatole.com.ar\/web\/wp-content\/uploads\/2019\/03\/ALBUM005-746x1024.jpg\" alt=\"\" class=\"wp-image-1084\" srcset=\"https:\/\/anatole.com.ar\/web\/wp-content\/uploads\/2019\/03\/ALBUM005-746x1024.jpg 746w, https:\/\/anatole.com.ar\/web\/wp-content\/uploads\/2019\/03\/ALBUM005-219x300.jpg 219w, https:\/\/anatole.com.ar\/web\/wp-content\/uploads\/2019\/03\/ALBUM005-768x1054.jpg 768w, https:\/\/anatole.com.ar\/web\/wp-content\/uploads\/2019\/03\/ALBUM005.jpg 785w\" sizes=\"auto, (max-width: 746px) 100vw, 746px\" \/><\/figure>\n\n\n\n<figure class=\"wp-block-image\"><img loading=\"lazy\" decoding=\"async\" width=\"785\" height=\"493\" src=\"https:\/\/anatole.com.ar\/web\/wp-content\/uploads\/2019\/03\/ALBUM006.jpg\" alt=\"\" class=\"wp-image-1085\" srcset=\"https:\/\/anatole.com.ar\/web\/wp-content\/uploads\/2019\/03\/ALBUM006.jpg 785w, https:\/\/anatole.com.ar\/web\/wp-content\/uploads\/2019\/03\/ALBUM006-300x188.jpg 300w, https:\/\/anatole.com.ar\/web\/wp-content\/uploads\/2019\/03\/ALBUM006-768x482.jpg 768w\" sizes=\"auto, (max-width: 785px) 100vw, 785px\" \/><\/figure>\n\n\n\n<figure class=\"wp-block-image\"><img loading=\"lazy\" decoding=\"async\" width=\"785\" height=\"936\" src=\"https:\/\/anatole.com.ar\/web\/wp-content\/uploads\/2019\/03\/ALBUM007.jpg\" alt=\"\" class=\"wp-image-1086\" srcset=\"https:\/\/anatole.com.ar\/web\/wp-content\/uploads\/2019\/03\/ALBUM007.jpg 785w, https:\/\/anatole.com.ar\/web\/wp-content\/uploads\/2019\/03\/ALBUM007-252x300.jpg 252w, https:\/\/anatole.com.ar\/web\/wp-content\/uploads\/2019\/03\/ALBUM007-768x916.jpg 768w\" sizes=\"auto, (max-width: 785px) 100vw, 785px\" \/><\/figure>\n\n\n\n<figure class=\"wp-block-image\"><img loading=\"lazy\" decoding=\"async\" width=\"910\" height=\"1024\" src=\"https:\/\/anatole.com.ar\/web\/wp-content\/uploads\/2019\/03\/CHULOS-CM-910x1024.jpg\" alt=\"\" class=\"wp-image-1187\" srcset=\"https:\/\/anatole.com.ar\/web\/wp-content\/uploads\/2019\/03\/CHULOS-CM-910x1024.jpg 910w, https:\/\/anatole.com.ar\/web\/wp-content\/uploads\/2019\/03\/CHULOS-CM-267x300.jpg 267w, https:\/\/anatole.com.ar\/web\/wp-content\/uploads\/2019\/03\/CHULOS-CM-768x864.jpg 768w, https:\/\/anatole.com.ar\/web\/wp-content\/uploads\/2019\/03\/CHULOS-CM.jpg 1024w\" sizes=\"auto, (max-width: 910px) 100vw, 910px\" \/><\/figure>\n\n\n\n<p><a href=\"https:\/\/www.youtube.com\/watch?v=gmoa-DfJN-c\" target=\"_blank\" rel=\"noopener noreferrer\">https:\/\/www.youtube.com\/watch?v=gmoa-DfJN-c<\/a><\/p>\n\n\n\n<figure class=\"wp-block-image\"><img loading=\"lazy\" decoding=\"async\" width=\"739\" height=\"834\" src=\"https:\/\/anatole.com.ar\/web\/wp-content\/uploads\/2019\/03\/ALBUM008.jpg\" alt=\"\" class=\"wp-image-1087\" srcset=\"https:\/\/anatole.com.ar\/web\/wp-content\/uploads\/2019\/03\/ALBUM008.jpg 739w, https:\/\/anatole.com.ar\/web\/wp-content\/uploads\/2019\/03\/ALBUM008-266x300.jpg 266w\" sizes=\"auto, (max-width: 739px) 100vw, 739px\" \/><\/figure>\n\n\n\n<figure class=\"wp-block-image\"><img loading=\"lazy\" decoding=\"async\" width=\"762\" height=\"324\" src=\"https:\/\/anatole.com.ar\/web\/wp-content\/uploads\/2019\/03\/ALBUM009.jpg\" alt=\"\" class=\"wp-image-1088\" srcset=\"https:\/\/anatole.com.ar\/web\/wp-content\/uploads\/2019\/03\/ALBUM009.jpg 762w, https:\/\/anatole.com.ar\/web\/wp-content\/uploads\/2019\/03\/ALBUM009-300x128.jpg 300w\" sizes=\"auto, (max-width: 762px) 100vw, 762px\" \/><\/figure>\n\n\n\n<figure class=\"wp-block-image\"><img loading=\"lazy\" decoding=\"async\" width=\"503\" height=\"206\" src=\"https:\/\/anatole.com.ar\/web\/wp-content\/uploads\/2019\/03\/ALBUM010.jpg\" alt=\"\" class=\"wp-image-1089\" srcset=\"https:\/\/anatole.com.ar\/web\/wp-content\/uploads\/2019\/03\/ALBUM010.jpg 503w, https:\/\/anatole.com.ar\/web\/wp-content\/uploads\/2019\/03\/ALBUM010-300x123.jpg 300w\" sizes=\"auto, (max-width: 503px) 100vw, 503px\" \/><\/figure>\n\n\n\n<figure class=\"wp-block-image\"><img loading=\"lazy\" decoding=\"async\" width=\"684\" height=\"591\" src=\"https:\/\/anatole.com.ar\/web\/wp-content\/uploads\/2019\/03\/ALBUM011.jpg\" alt=\"\" class=\"wp-image-1090\" srcset=\"https:\/\/anatole.com.ar\/web\/wp-content\/uploads\/2019\/03\/ALBUM011.jpg 684w, https:\/\/anatole.com.ar\/web\/wp-content\/uploads\/2019\/03\/ALBUM011-300x259.jpg 300w\" sizes=\"auto, (max-width: 684px) 100vw, 684px\" \/><\/figure>\n\n\n\n<figure class=\"wp-block-image\"><img loading=\"lazy\" decoding=\"async\" width=\"636\" height=\"567\" src=\"https:\/\/anatole.com.ar\/web\/wp-content\/uploads\/2019\/03\/ALBUM012.jpg\" alt=\"\" class=\"wp-image-1091\" srcset=\"https:\/\/anatole.com.ar\/web\/wp-content\/uploads\/2019\/03\/ALBUM012.jpg 636w, https:\/\/anatole.com.ar\/web\/wp-content\/uploads\/2019\/03\/ALBUM012-300x267.jpg 300w\" sizes=\"auto, (max-width: 636px) 100vw, 636px\" \/><\/figure>\n\n\n\n<figure class=\"wp-block-image\"><img loading=\"lazy\" decoding=\"async\" width=\"556\" height=\"648\" src=\"https:\/\/anatole.com.ar\/web\/wp-content\/uploads\/2019\/03\/ALBUM013.jpg\" alt=\"\" class=\"wp-image-1092\" srcset=\"https:\/\/anatole.com.ar\/web\/wp-content\/uploads\/2019\/03\/ALBUM013.jpg 556w, https:\/\/anatole.com.ar\/web\/wp-content\/uploads\/2019\/03\/ALBUM013-257x300.jpg 257w\" sizes=\"auto, (max-width: 556px) 100vw, 556px\" \/><\/figure>\n\n\n\n<figure class=\"wp-block-image\"><img loading=\"lazy\" decoding=\"async\" width=\"700\" height=\"700\" src=\"https:\/\/anatole.com.ar\/web\/wp-content\/uploads\/2019\/03\/ALBUM014.jpg\" alt=\"\" class=\"wp-image-1093\" srcset=\"https:\/\/anatole.com.ar\/web\/wp-content\/uploads\/2019\/03\/ALBUM014.jpg 700w, https:\/\/anatole.com.ar\/web\/wp-content\/uploads\/2019\/03\/ALBUM014-150x150.jpg 150w, https:\/\/anatole.com.ar\/web\/wp-content\/uploads\/2019\/03\/ALBUM014-300x300.jpg 300w\" sizes=\"auto, (max-width: 700px) 100vw, 700px\" \/><\/figure>\n\n\n\n<p><strong>BUENOS AIRES TOWN (London, 2008)<\/strong><\/p>\n\n\n\n<p>Grabaci\u00f3n, mezcla y masterizaci\u00f3n: estudio La Pepa. Remasterizaci\u00f3n: estudio Cuarzo. Edici\u00f3n: Pink Onion Records. Publishing: EMI. Distribuci\u00f3n: Super D Phantom.<\/p>\n\n\n\n<figure class=\"wp-block-embed-spotify wp-block-embed is-type-rich is-provider-spotify wp-embed-aspect-9-16 wp-has-aspect-ratio\"><div class=\"wp-block-embed__wrapper\">\n<iframe title=\"Spotify Embed: Buenos Aires Town\" style=\"border-radius: 12px\" width=\"100%\" height=\"352\" frameborder=\"0\" allowfullscreen allow=\"autoplay; clipboard-write; encrypted-media; fullscreen; picture-in-picture\" loading=\"lazy\" src=\"https:\/\/open.spotify.com\/embed\/album\/6w5l9fgjhGLB4lQoz5qdGV?utm_source=oembed\"><\/iframe>\n<\/div><\/figure>\n\n\n\n<figure class=\"wp-block-image\"><img loading=\"lazy\" decoding=\"async\" width=\"640\" height=\"291\" src=\"https:\/\/anatole.com.ar\/web\/wp-content\/uploads\/2019\/03\/ALBUM015.jpg\" alt=\"\" class=\"wp-image-1094\" srcset=\"https:\/\/anatole.com.ar\/web\/wp-content\/uploads\/2019\/03\/ALBUM015.jpg 640w, https:\/\/anatole.com.ar\/web\/wp-content\/uploads\/2019\/03\/ALBUM015-300x136.jpg 300w\" sizes=\"auto, (max-width: 640px) 100vw, 640px\" \/><\/figure>\n\n\n\n<figure class=\"wp-block-image\"><img loading=\"lazy\" decoding=\"async\" width=\"700\" height=\"700\" src=\"https:\/\/anatole.com.ar\/web\/wp-content\/uploads\/2019\/03\/ALBUM016.jpg\" alt=\"\" class=\"wp-image-1095\" srcset=\"https:\/\/anatole.com.ar\/web\/wp-content\/uploads\/2019\/03\/ALBUM016.jpg 700w, https:\/\/anatole.com.ar\/web\/wp-content\/uploads\/2019\/03\/ALBUM016-150x150.jpg 150w, https:\/\/anatole.com.ar\/web\/wp-content\/uploads\/2019\/03\/ALBUM016-300x300.jpg 300w\" sizes=\"auto, (max-width: 700px) 100vw, 700px\" \/><\/figure>\n\n\n\n<p><strong>CRYING OCEAN (London, 2006)<\/strong><\/p>\n\n\n\n<p>Grabaci\u00f3n: estudios Silver Transporterraum y The Soul Kitchen. Mezcla: The Soul Kitchen. Masterizaci\u00f3n: Graeme Durhan @ estudio The Exhange. Producci\u00f3n: O.D. Loveless. Edici\u00f3n: Pink Onion Records. Distribuci\u00f3n: Super D Phantom.<\/p>\n\n\n\n<iframe style=\"border: 0; width: 350px; height: 470px;\" src=\"https:\/\/bandcamp.com\/EmbeddedPlayer\/album=3605497742\/size=large\/bgcol=ffffff\/linkcol=0687f5\/tracklist=false\/transparent=true\/\" seamless><a href=\"http:\/\/myjuliette.bandcamp.com\/album\/crying-ocean\">Crying Ocean by My Juliette (Federico Zig)<\/a><\/iframe>\n\n\n\n<figure class=\"wp-block-image\"><img loading=\"lazy\" decoding=\"async\" width=\"700\" height=\"659\" src=\"https:\/\/anatole.com.ar\/web\/wp-content\/uploads\/2019\/03\/ALBUM017.jpg\" alt=\"\" class=\"wp-image-1174\" srcset=\"https:\/\/anatole.com.ar\/web\/wp-content\/uploads\/2019\/03\/ALBUM017.jpg 700w, https:\/\/anatole.com.ar\/web\/wp-content\/uploads\/2019\/03\/ALBUM017-300x282.jpg 300w\" sizes=\"auto, (max-width: 700px) 100vw, 700px\" \/><\/figure>\n\n\n\n<figure class=\"wp-block-image\"><img loading=\"lazy\" decoding=\"async\" width=\"700\" height=\"718\" src=\"https:\/\/anatole.com.ar\/web\/wp-content\/uploads\/2019\/03\/ALBUM018.jpg\" alt=\"\" class=\"wp-image-1176\" srcset=\"https:\/\/anatole.com.ar\/web\/wp-content\/uploads\/2019\/03\/ALBUM018.jpg 700w, https:\/\/anatole.com.ar\/web\/wp-content\/uploads\/2019\/03\/ALBUM018-292x300.jpg 292w\" sizes=\"auto, (max-width: 700px) 100vw, 700px\" \/><\/figure>\n\n\n\n<figure class=\"wp-block-image\"><img loading=\"lazy\" decoding=\"async\" width=\"700\" height=\"481\" src=\"https:\/\/anatole.com.ar\/web\/wp-content\/uploads\/2019\/03\/ALBUM019.jpg\" alt=\"\" class=\"wp-image-1177\" srcset=\"https:\/\/anatole.com.ar\/web\/wp-content\/uploads\/2019\/03\/ALBUM019.jpg 700w, https:\/\/anatole.com.ar\/web\/wp-content\/uploads\/2019\/03\/ALBUM019-300x206.jpg 300w\" sizes=\"auto, (max-width: 700px) 100vw, 700px\" \/><\/figure>\n\n\n\n<figure class=\"wp-block-image\"><img loading=\"lazy\" decoding=\"async\" width=\"700\" height=\"711\" src=\"https:\/\/anatole.com.ar\/web\/wp-content\/uploads\/2019\/03\/ALBUM020.jpg\" alt=\"\" class=\"wp-image-1178\" srcset=\"https:\/\/anatole.com.ar\/web\/wp-content\/uploads\/2019\/03\/ALBUM020.jpg 700w, https:\/\/anatole.com.ar\/web\/wp-content\/uploads\/2019\/03\/ALBUM020-295x300.jpg 295w\" sizes=\"auto, (max-width: 700px) 100vw, 700px\" \/><\/figure>\n\n\n\n<figure class=\"wp-block-image\"><img loading=\"lazy\" decoding=\"async\" width=\"700\" height=\"744\" src=\"https:\/\/anatole.com.ar\/web\/wp-content\/uploads\/2019\/03\/ALBUM021.jpg\" alt=\"\" class=\"wp-image-1179\" srcset=\"https:\/\/anatole.com.ar\/web\/wp-content\/uploads\/2019\/03\/ALBUM021.jpg 700w, https:\/\/anatole.com.ar\/web\/wp-content\/uploads\/2019\/03\/ALBUM021-282x300.jpg 282w\" sizes=\"auto, (max-width: 700px) 100vw, 700px\" \/><\/figure>\n\n\n\n<figure class=\"wp-block-image\"><img loading=\"lazy\" decoding=\"async\" width=\"637\" height=\"663\" src=\"https:\/\/anatole.com.ar\/web\/wp-content\/uploads\/2019\/03\/ALBUM022.jpg\" alt=\"\" class=\"wp-image-1180\" srcset=\"https:\/\/anatole.com.ar\/web\/wp-content\/uploads\/2019\/03\/ALBUM022.jpg 637w, https:\/\/anatole.com.ar\/web\/wp-content\/uploads\/2019\/03\/ALBUM022-288x300.jpg 288w\" sizes=\"auto, (max-width: 637px) 100vw, 637px\" \/><\/figure>\n\n\n\n<figure class=\"wp-block-image\"><img loading=\"lazy\" decoding=\"async\" width=\"593\" height=\"677\" src=\"https:\/\/anatole.com.ar\/web\/wp-content\/uploads\/2019\/03\/ALBUM023.jpg\" alt=\"\" class=\"wp-image-1181\" srcset=\"https:\/\/anatole.com.ar\/web\/wp-content\/uploads\/2019\/03\/ALBUM023.jpg 593w, https:\/\/anatole.com.ar\/web\/wp-content\/uploads\/2019\/03\/ALBUM023-263x300.jpg 263w\" sizes=\"auto, (max-width: 593px) 100vw, 593px\" \/><\/figure>\n\n\n\n<figure class=\"wp-block-image\"><img loading=\"lazy\" decoding=\"async\" width=\"700\" height=\"808\" src=\"https:\/\/anatole.com.ar\/web\/wp-content\/uploads\/2019\/03\/ALBUM024.jpg\" alt=\"\" class=\"wp-image-1182\" srcset=\"https:\/\/anatole.com.ar\/web\/wp-content\/uploads\/2019\/03\/ALBUM024.jpg 700w, https:\/\/anatole.com.ar\/web\/wp-content\/uploads\/2019\/03\/ALBUM024-260x300.jpg 260w\" sizes=\"auto, (max-width: 700px) 100vw, 700px\" \/><\/figure>\n\n\n\n<figure class=\"wp-block-image\"><img loading=\"lazy\" decoding=\"async\" width=\"700\" height=\"418\" src=\"https:\/\/anatole.com.ar\/web\/wp-content\/uploads\/2019\/03\/ALBUM025.jpg\" alt=\"\" class=\"wp-image-1183\" srcset=\"https:\/\/anatole.com.ar\/web\/wp-content\/uploads\/2019\/03\/ALBUM025.jpg 700w, https:\/\/anatole.com.ar\/web\/wp-content\/uploads\/2019\/03\/ALBUM025-300x179.jpg 300w\" sizes=\"auto, (max-width: 700px) 100vw, 700px\" \/><\/figure>\n\n\n\n<figure class=\"wp-block-image\"><img loading=\"lazy\" decoding=\"async\" width=\"428\" height=\"261\" src=\"https:\/\/anatole.com.ar\/web\/wp-content\/uploads\/2019\/03\/ALBUM026.jpg\" alt=\"\" class=\"wp-image-1184\" srcset=\"https:\/\/anatole.com.ar\/web\/wp-content\/uploads\/2019\/03\/ALBUM026.jpg 428w, https:\/\/anatole.com.ar\/web\/wp-content\/uploads\/2019\/03\/ALBUM026-300x183.jpg 300w\" sizes=\"auto, (max-width: 428px) 100vw, 428px\" \/><\/figure>\n\n\n\n<figure class=\"wp-block-image\"><img loading=\"lazy\" decoding=\"async\" width=\"700\" height=\"274\" src=\"https:\/\/anatole.com.ar\/web\/wp-content\/uploads\/2019\/03\/ALBUM028.jpg\" alt=\"\" class=\"wp-image-1185\" srcset=\"https:\/\/anatole.com.ar\/web\/wp-content\/uploads\/2019\/03\/ALBUM028.jpg 700w, https:\/\/anatole.com.ar\/web\/wp-content\/uploads\/2019\/03\/ALBUM028-300x117.jpg 300w\" sizes=\"auto, (max-width: 700px) 100vw, 700px\" \/><\/figure>\n\n\n\n<figure class=\"wp-block-image\"><img loading=\"lazy\" decoding=\"async\" width=\"700\" height=\"244\" src=\"https:\/\/anatole.com.ar\/web\/wp-content\/uploads\/2019\/03\/ALBUM029.jpg\" alt=\"\" class=\"wp-image-1186\" srcset=\"https:\/\/anatole.com.ar\/web\/wp-content\/uploads\/2019\/03\/ALBUM029.jpg 700w, https:\/\/anatole.com.ar\/web\/wp-content\/uploads\/2019\/03\/ALBUM029-300x105.jpg 300w\" sizes=\"auto, (max-width: 700px) 100vw, 700px\" \/><\/figure>\n","protected":false},"excerpt":{"rendered":"<p>ONCE DE TERROR (Buenos Aires, 2011) Grabaci\u00f3n: estudios Bambalandia y Cuarzo. Mezcla y masterizaci\u00f3n: estudio Cuarzo. Distribuci\u00f3n independiente. SAN CRISTOBAL (Buenos Aires, 2010) Grabaci\u00f3n: estudio Pichuatl. Mezcla: estudio Panda. Masterizaci\u00f3n: 332 Estudio. Producci\u00f3n: Esteban Serniotti. Publishing: EMI. Distribuci\u00f3n: AF Classic. Foto de Banda: Bel\u00e9n Asad. San Cristobal by Diablos Chulos https:\/\/www.youtube.com\/watch?v=gmoa-DfJN-c BUENOS AIRES TOWN (London, 2008) Grabaci\u00f3n, mezcla y masterizaci\u00f3n: estudio La Pepa. Remasterizaci\u00f3n: estudio Cuarzo. Edici\u00f3n: Pink Onion Records. Publishing: EMI. Distribuci\u00f3n: Super D&hellip; <\/p>\n","protected":false},"author":1,"featured_media":0,"parent":0,"menu_order":0,"comment_status":"closed","ping_status":"closed","template":"","meta":{"footnotes":""},"class_list":["post-898","page","type-page","status-publish","hentry"],"_links":{"self":[{"href":"https:\/\/anatole.com.ar\/web\/wp-json\/wp\/v2\/pages\/898","targetHints":{"allow":["GET"]}}],"collection":[{"href":"https:\/\/anatole.com.ar\/web\/wp-json\/wp\/v2\/pages"}],"about":[{"href":"https:\/\/anatole.com.ar\/web\/wp-json\/wp\/v2\/types\/page"}],"author":[{"embeddable":true,"href":"https:\/\/anatole.com.ar\/web\/wp-json\/wp\/v2\/users\/1"}],"replies":[{"embeddable":true,"href":"https:\/\/anatole.com.ar\/web\/wp-json\/wp\/v2\/comments?post=898"}],"version-history":[{"count":9,"href":"https:\/\/anatole.com.ar\/web\/wp-json\/wp\/v2\/pages\/898\/revisions"}],"predecessor-version":[{"id":1195,"href":"https:\/\/anatole.com.ar\/web\/wp-json\/wp\/v2\/pages\/898\/revisions\/1195"}],"wp:attachment":[{"href":"https:\/\/anatole.com.ar\/web\/wp-json\/wp\/v2\/media?parent=898"}],"curies":[{"name":"wp","href":"https:\/\/api.w.org\/{rel}","templated":true}]}}