{"id":32,"date":"2019-02-28T16:13:12","date_gmt":"2019-02-28T19:13:12","guid":{"rendered":"http:\/\/anatole.com.ar\/web\/?page_id=32"},"modified":"2019-03-13T13:47:29","modified_gmt":"2019-03-13T16:47:29","slug":"exhibitions","status":"publish","type":"page","link":"https:\/\/anatole.com.ar\/web\/exhibitions\/","title":{"rendered":"Exhibitions"},"content":{"rendered":"\n<p><strong>2013 BAUIERNOSS @ CARMEN SANDIEGO<\/strong><\/p>\n\n\n\n<iframe style=\"width:100%; height:50vw;\" src=\"\/\/e.issuu.com\/anonymous-embed.html?u=anatole.estudio&amp;d=catalogo_bauiernoss\" allowfullscreen=\"\" frameborder=\"0\"><\/iframe>\n\n\n\n<div style=\"height:20px\" aria-hidden=\"true\" class=\"wp-block-spacer\"><\/div>\n\n\n\n<iframe style=\"width:100%; height:50vw;\" src=\"\/\/e.issuu.com\/anonymous-embed.html?u=anatole.estudio&amp;d=anatole-2013bauiernoss\" allowfullscreen=\"\" frameborder=\"0\"><\/iframe>\n\n\n\n<p><strong>2012 DE LEOPARDAS Y SIRENAS @ CARMEN SANDIEGO<\/strong> <\/p>\n\n\n\n<iframe style=\"width:100%; height:50vw;\" src=\"\/\/e.issuu.com\/anonymous-embed.html?u=joaquingimenez&amp;d=catalogoanatole\" allowfullscreen=\"\" frameborder=\"0\"><\/iframe>\n\n\n\n<div style=\"height:20px\" aria-hidden=\"true\" class=\"wp-block-spacer\"><\/div>\n\n\n\n<iframe style=\"width:100%; height:50vw;\" src=\"\/\/e.issuu.com\/anonymous-embed.html?u=anatole.estudio&amp;d=anatole-2012leopardas\" allowfullscreen=\"\" frameborder=\"0\"><\/iframe>\n\n\n\n<p><strong>2016 PUTX @ EL PLIEGUE<\/strong><\/p>\n\n\n\n<iframe style=\"width:100%; height:50vw;\" src=\"\/\/e.issuu.com\/anonymous-embed.html?u=anatole.estudio&amp;d=anatole-2016putx\" allowfullscreen=\"\" frameborder=\"0\"><\/iframe>\n\n\n\n<p><strong>2011 FETICHE ERR\u00c1TICO @ C.C. SIM\u00d3N I. PATI\u00d1O (SANTA CRUZ, BOLIVIA)<\/strong><\/p>\n\n\n\n<iframe style=\"width:100%; height:50vw;\" src=\"\/\/e.issuu.com\/anonymous-embed.html?u=marcelo.santorelli&amp;d=feticheerratico\" allowfullscreen=\"\" frameborder=\"0\"><\/iframe>\n\n\n\n<div style=\"height:20px\" aria-hidden=\"true\" class=\"wp-block-spacer\"><\/div>\n\n\n\n<iframe style=\"width:100%; height:50vw;\" src=\"\/\/e.issuu.com\/anonymous-embed.html?u=anatole.estudio&amp;d=anatole-2011feticheerratico\" allowfullscreen=\"\" frameborder=\"0\"><\/iframe>\n\n\n\n<p><strong>2012 PINTA @ NEW YORK, USA<\/strong><\/p>\n\n\n\n<iframe style=\"width:100%; height:50vw;\" src=\"\/\/e.issuu.com\/anonymous-embed.html?u=anatole.estudio&amp;d=anatole-2012ny\" allowfullscreen=\"\" frameborder=\"0\"><\/iframe>\n\n\n\n<p><strong>2011 FINALISTA CONCURSO S\u00c1BATO<\/strong><\/p>\n\n\n\n<iframe style=\"width:100%; height:50vw;\" src=\"\/\/e.issuu.com\/anonymous-embed.html?u=anatole.estudio&amp;d=anatole-2011sabato\" allowfullscreen=\"\" frameborder=\"0\"><\/iframe>\n\n\n\n<p><strong>2013 CARMEN SANDIEGO @ FERIA EGGO (C.C. RECOLETA)<\/strong><\/p>\n\n\n\n<iframe style=\"width:100%; height:50vw;\" src=\"\/\/e.issuu.com\/anonymous-embed.html?u=anatole.estudio&amp;d=anatole-2013eggo\" allowfullscreen=\"\" frameborder=\"0\"><\/iframe>\n\n\n\n<p><strong>2011 CARMEN SANDIEGO @ EXPOTRASTIENDAS (LA RURAL)<\/strong><\/p>\n\n\n\n<iframe style=\"width:100%; height:50vw;\" src=\"\/\/e.issuu.com\/anonymous-embed.html?u=anatole.estudio&amp;d=2011expotrastiendas\" allowfullscreen=\"\" frameborder=\"0\"><\/iframe>\n\n\n\n<p><strong>2014 ERROR# @ PEROTTI GALER\u00cdA<\/strong><\/p>\n\n\n\n<iframe style=\"width:100%; height:50vw;\" \nsrc=\"\/\/e.issuu.com\/anonymous-embed.html?u=anatole.estudio&#038;d=anatole-2014error\" \nframeborder=\"0\" allowfullscreen><\/iframe>\n\n\n\n<p><strong>2013 PROFEC\u00cdAS PASADAS @ PASAJE 17<\/strong><\/p>\n\n\n\n<iframe style=\"width:100%; height:50vw;\" \nsrc=\"\/\/e.issuu.com\/anonymous-embed.html?u=anatole.estudio&#038;d=anatole-2013pasaje17\" \nframeborder=\"0\" allowfullscreen><\/iframe>\n\n\n\n<p><strong>2011\/12 COLECTIVA I &amp; II @ CARMEN SANDIEGO GALER\u00cdA<\/strong><\/p>\n\n\n\n<iframe style=\"width:100%; height:50vw;\" \nsrc=\"\/\/e.issuu.com\/anonymous-embed.html?u=anatole.estudio&#038;d=anatole-2011carmensandiego\" \nframeborder=\"0\" allowfullscreen><\/iframe>\n\n\n\n<p><strong>2015 NIHILISMAN @ EL TRUENO<\/strong><\/p>\n\n\n\n<iframe style=\"width:100%; height:50vw;\" \nsrc=\"\/\/e.issuu.com\/anonymous-embed.html?u=anatole.estudio&#038;d=anatole-2015nihilisman\" \nframeborder=\"0\" allowfullscreen><\/iframe>\n\n\n<figure class=\"wp-block-embed-youtube wp-block-embed is-type-video is-provider-youtube wp-embed-aspect-4-3 wp-has-aspect-ratio\"><div class=\"lyte-wrapper\" title=\"Muestra NIHILISMAN\" style=\"width:1280px;max-width:100%;margin:5px auto;\"><div class=\"lyMe hidef\" id=\"WYL_-RQdlD1w4-Y\"><div id=\"lyte_-RQdlD1w4-Y\" data-src=\"https:\/\/i.ytimg.com\/vi\/-RQdlD1w4-Y\/hqdefault.jpg\" class=\"pL\"><div class=\"tC\"><div class=\"tT\">Muestra NIHILISMAN<\/div><\/div><div class=\"play\"><\/div><div class=\"ctrl\"><div class=\"Lctrl\"><\/div><div class=\"Rctrl\"><\/div><\/div><\/div><noscript><a href=\"https:\/\/youtu.be\/-RQdlD1w4-Y\" rel=\"nofollow\"><img loading=\"lazy\" decoding=\"async\" src=\"https:\/\/i.ytimg.com\/vi\/-RQdlD1w4-Y\/0.jpg\" alt=\"Muestra NIHILISMAN\" width=\"1280\" height=\"700\" \/><br \/>Watch this video on YouTube<\/a><\/noscript><\/div><\/div><div class=\"lL\" style=\"max-width:100%;width:1280px;margin:5px auto;\"><\/div><figcaption><\/figcaption><\/figure>\n\n\n<p><strong>2015 MALICIA @ MUSEO SAN FERNANDO<\/strong><\/p>\n\n\n<figure class=\"wp-block-embed-youtube wp-block-embed is-type-video is-provider-youtube wp-embed-aspect-16-9 wp-has-aspect-ratio\"><div class=\"lyte-wrapper\" title=\"Muestra MALICIA\" style=\"width:1280px;max-width:100%;margin:5px auto;\"><div class=\"lyMe hidef\" id=\"WYL_HCGZ23jIkUk\"><div id=\"lyte_HCGZ23jIkUk\" data-src=\"https:\/\/i.ytimg.com\/vi\/HCGZ23jIkUk\/maxresdefault.jpg\" class=\"pL\"><div class=\"tC\"><div class=\"tT\">Muestra MALICIA<\/div><\/div><div class=\"play\"><\/div><div class=\"ctrl\"><div class=\"Lctrl\"><\/div><div class=\"Rctrl\"><\/div><\/div><\/div><noscript><a href=\"https:\/\/youtu.be\/HCGZ23jIkUk\" rel=\"nofollow\"><img loading=\"lazy\" decoding=\"async\" src=\"https:\/\/i.ytimg.com\/vi\/HCGZ23jIkUk\/0.jpg\" alt=\"Muestra MALICIA\" width=\"1280\" height=\"700\" \/><br \/>Watch this video on YouTube<\/a><\/noscript><\/div><\/div><div class=\"lL\" style=\"max-width:100%;width:1280px;margin:5px auto;\"><\/div><figcaption><\/figcaption><\/figure>\n\n\n<p><strong>2007 M\u00c1QUINAS DESNUDAS @ ESPACIO ECL\u00c9CTICO<\/strong><\/p>\n\n\n\n<iframe style=\"width:100%; height:50vw;\" \nsrc=\"\/\/e.issuu.com\/anonymous-embed.html?u=anatole.estudio&#038;d=anatole-2007maquinasdesnudas\" \nframeborder=\"0\" allowfullscreen><\/iframe>\n\n\n\n<p><strong>2009 FULGOR @ MERIDION<\/strong><\/p>\n\n\n\n<iframe style=\"width:100%; height:50vw;\" \nsrc=\"\/\/e.issuu.com\/anonymous-embed.html?u=anatole.estudio&#038;d=2009fulgor_bc9057f9360e8f\" \nframeborder=\"0\" allowfullscreen><\/iframe>\n\n\n\n<p><strong>2014 FRENTE DIONIS\u00cdACO PYRA @ MAMBA<\/strong><\/p>\n\n\n\n<iframe style=\"width:100%; height:50vw;\" \nsrc=\"\/\/e.issuu.com\/anonymous-embed.html?u=anatole.estudio&#038;d=2014fdp-mamba\" \nframeborder=\"0\" allowfullscreen><\/iframe>\n\n\n\n<p><strong>2012 DIABLOSCHULOS @ RADIO NACIONAL &#8211; TV PUBLICA<\/strong><\/p>\n\n\n\n<iframe style=\"width:100%; height:50vw;\" \nsrc=\"\/\/e.issuu.com\/anonymous-embed.html?u=anatole.estudio&#038;d=2012atchula\"\nframeborder=\"0\" allowfullscreen><\/iframe>\n\n\n\n<p><strong>2017 EL CUERPO COMO TESTIMONIO @ MUSEO SAN FERNANDO<\/strong><\/p>\n\n\n\n<iframe style=\"width:100%; height:50vw;\" \nsrc=\"\/\/e.issuu.com\/anonymous-embed.html?u=anatole.estudio&#038;d=anatole-2017sanfernando\"\nframeborder=\"0\" allowfullscreen><\/iframe>\n\n\n\n<p><strong>2018 HISTORIES DE FEMMES @ CASA II<\/strong><\/p>\n\n\n\n<iframe style=\"width:100%; height:50vw;\" \nsrc=\"\/\/e.issuu.com\/anonymous-embed.html?u=anatole.estudio&#038;d=anatole-2018casaii\"\nframeborder=\"0\" allowfullscreen><\/iframe>\n\n\n\n<p><strong>COMPRE UN ANATOLE<\/strong><\/p>\n\n\n\n<iframe style=\"width:100%; height:50vw;\" \nsrc=\"\/\/e.issuu.com\/anonymous-embed.html?u=anatole.estudio&#038;d=compre_un_anatole_2016dic\"\nframeborder=\"0\" allowfullscreen><\/iframe>\n\n\n\n<div style=\"height:20px\" aria-hidden=\"true\" class=\"wp-block-spacer\"><\/div>\n\n\n\n<div class=\"wp-block-image\"><figure class=\"aligncenter\"><img loading=\"lazy\" decoding=\"async\" width=\"1024\" height=\"576\" src=\"https:\/\/anatole.com.ar\/web\/wp-content\/uploads\/2019\/03\/ANATOLE-EXHIBITIONS01-1024x576.jpg\" alt=\"\" class=\"wp-image-889\" srcset=\"https:\/\/anatole.com.ar\/web\/wp-content\/uploads\/2019\/03\/ANATOLE-EXHIBITIONS01-1024x576.jpg 1024w, https:\/\/anatole.com.ar\/web\/wp-content\/uploads\/2019\/03\/ANATOLE-EXHIBITIONS01-300x169.jpg 300w, https:\/\/anatole.com.ar\/web\/wp-content\/uploads\/2019\/03\/ANATOLE-EXHIBITIONS01-768x432.jpg 768w, https:\/\/anatole.com.ar\/web\/wp-content\/uploads\/2019\/03\/ANATOLE-EXHIBITIONS01.jpg 1281w\" sizes=\"auto, (max-width: 1024px) 100vw, 1024px\" \/><\/figure><\/div>\n\n\n\n<div style=\"height:20px\" aria-hidden=\"true\" class=\"wp-block-spacer\"><\/div>\n\n\n\n<figure class=\"wp-block-image\"><img loading=\"lazy\" decoding=\"async\" width=\"1024\" height=\"422\" src=\"https:\/\/anatole.com.ar\/web\/wp-content\/uploads\/2019\/03\/ANATOLE-EXHIBITIONS02-1024x422.jpg\" alt=\"\" class=\"wp-image-890\" srcset=\"https:\/\/anatole.com.ar\/web\/wp-content\/uploads\/2019\/03\/ANATOLE-EXHIBITIONS02-1024x422.jpg 1024w, https:\/\/anatole.com.ar\/web\/wp-content\/uploads\/2019\/03\/ANATOLE-EXHIBITIONS02-300x124.jpg 300w, https:\/\/anatole.com.ar\/web\/wp-content\/uploads\/2019\/03\/ANATOLE-EXHIBITIONS02-768x317.jpg 768w, https:\/\/anatole.com.ar\/web\/wp-content\/uploads\/2019\/03\/ANATOLE-EXHIBITIONS02.jpg 1280w\" sizes=\"auto, (max-width: 1024px) 100vw, 1024px\" \/><\/figure>\n","protected":false},"excerpt":{"rendered":"<p>2013 BAUIERNOSS @ CARMEN SANDIEGO 2012 DE LEOPARDAS Y SIRENAS @ CARMEN SANDIEGO 2016 PUTX @ EL PLIEGUE 2011 FETICHE ERR\u00c1TICO @ C.C. SIM\u00d3N I. PATI\u00d1O (SANTA CRUZ, BOLIVIA) 2012 PINTA @ NEW YORK, USA 2011 FINALISTA CONCURSO S\u00c1BATO 2013 CARMEN SANDIEGO @ FERIA EGGO (C.C. RECOLETA) 2011 CARMEN SANDIEGO @ EXPOTRASTIENDAS (LA RURAL) 2014 ERROR# @ PEROTTI GALER\u00cdA 2013 PROFEC\u00cdAS PASADAS @ PASAJE 17 2011\/12 COLECTIVA I &amp; II @ CARMEN SANDIEGO GALER\u00cdA 2015&hellip; <\/p>\n","protected":false},"author":1,"featured_media":0,"parent":0,"menu_order":0,"comment_status":"closed","ping_status":"closed","template":"","meta":{"footnotes":""},"class_list":["post-32","page","type-page","status-publish","hentry"],"_links":{"self":[{"href":"https:\/\/anatole.com.ar\/web\/wp-json\/wp\/v2\/pages\/32","targetHints":{"allow":["GET"]}}],"collection":[{"href":"https:\/\/anatole.com.ar\/web\/wp-json\/wp\/v2\/pages"}],"about":[{"href":"https:\/\/anatole.com.ar\/web\/wp-json\/wp\/v2\/types\/page"}],"author":[{"embeddable":true,"href":"https:\/\/anatole.com.ar\/web\/wp-json\/wp\/v2\/users\/1"}],"replies":[{"embeddable":true,"href":"https:\/\/anatole.com.ar\/web\/wp-json\/wp\/v2\/comments?post=32"}],"version-history":[{"count":13,"href":"https:\/\/anatole.com.ar\/web\/wp-json\/wp\/v2\/pages\/32\/revisions"}],"predecessor-version":[{"id":891,"href":"https:\/\/anatole.com.ar\/web\/wp-json\/wp\/v2\/pages\/32\/revisions\/891"}],"wp:attachment":[{"href":"https:\/\/anatole.com.ar\/web\/wp-json\/wp\/v2\/media?parent=32"}],"curies":[{"name":"wp","href":"https:\/\/api.w.org\/{rel}","templated":true}]}}